{"id":238,"date":"2025-02-22T21:10:26","date_gmt":"2025-02-22T21:10:26","guid":{"rendered":"https:\/\/centrocomercialbolivar.com\/?page_id=238"},"modified":"2025-04-28T17:33:03","modified_gmt":"2025-04-28T17:33:03","slug":"noticias","status":"publish","type":"page","link":"https:\/\/centrocomercialbolivar.com\/index.php\/noticias\/","title":{"rendered":"NOTICIAS"},"content":{"rendered":"\t\t<div data-elementor-type=\"wp-page\" data-elementor-id=\"238\" class=\"elementor elementor-238\">\n\t\t\t\t<div class=\"elementor-element elementor-element-2666efe e-con-full e-flex e-con e-parent\" data-id=\"2666efe\" data-element_type=\"container\" data-settings=\"{&quot;background_background&quot;:&quot;classic&quot;}\">\n\t\t<div class=\"elementor-element elementor-element-794c172 e-con-full e-flex e-con e-child\" data-id=\"794c172\" data-element_type=\"container\">\n\t\t\t\t<div class=\"elementor-element elementor-element-be8937c elementor-widget elementor-widget-image\" data-id=\"be8937c\" data-element_type=\"widget\" data-widget_type=\"image.default\">\n\t\t\t\t<div class=\"elementor-widget-container\">\n\t\t\t\t\t\t\t\t\t\t\t\t\t\t\t\t<a href=\"#\">\n\t\t\t\t\t\t\t<img decoding=\"async\" src=\"https:\/\/centrocomercialbolivar.com\/wp-content\/uploads\/2025\/02\/LOGO-BOLIVAR-CENTRO-COMERCIAL.png\" title=\"LOGO BOLIVAR CENTRO COMERCIAL\" alt=\"LOGO BOLIVAR CENTRO COMERCIAL\" loading=\"lazy\" \/>\t\t\t\t\t\t\t\t<\/a>\n\t\t\t\t\t\t\t\t\t\t\t\t\t\t\t<\/div>\n\t\t\t\t<\/div>\n\t\t\t\t<\/div>\n\t\t<div class=\"elementor-element elementor-element-a80f34d e-con-full e-flex e-con e-child\" data-id=\"a80f34d\" data-element_type=\"container\">\n\t\t\t\t<div class=\"elementor-element elementor-element-65d2e4e elementor-widget-tablet__width-auto elementor-widget elementor-widget-tf-nav-menu\" data-id=\"65d2e4e\" data-element_type=\"widget\" data-widget_type=\"tf-nav-menu.default\">\n\t\t\t\t<div class=\"elementor-widget-container\">\n\t\t\t\t\t<div class=\"tf-nav-menu tf-alignment-center horizontal menu-panel-style-left tf_link_effect_none tf_animation_line_ dropdown-style1 tf-nav-69e10ffba669e\" data-id_random=\"tf-nav-69e10ffba669e\">\r\n\t\t\t\t<div class=\"nav-panel mobile-menu-alignment-left\">\r\n\t\t\t\t\t<div class=\"wrap-logo-nav\"><a href=\"https:\/\/centrocomercialbolivar.com\/\" class=\"logo-nav\"> <img decoding=\"async\" src=\"https:\/\/centrocomercialbolivar.com\/wp-content\/uploads\/2025\/02\/LOGO.png\" alt=\"Centro Comercial Bol\u00edvar\"><\/a><\/div>\r\n\t\t\t\t\t<div class=\"mainnav-mobi\"><div class=\"menu-container tf-menu-container\"><ul id=\"menu-menuprincipal\" class=\"menu\"><li id=\"menu-item-246\" class=\"menu-item menu-item-type-post_type menu-item-object-page menu-item-home menu-item-246\"><a href=\"https:\/\/centrocomercialbolivar.com\/\">INICIO<i class=\"fa fa-caret-right\" aria-hidden=\"true\"><\/i><\/a><\/li>\n<li id=\"menu-item-244\" class=\"menu-item menu-item-type-post_type menu-item-object-page menu-item-has-children menu-item-244\"><a href=\"https:\/\/centrocomercialbolivar.com\/index.php\/tiendas\/\">TIENDAS<i class=\"fa fa-caret-right\" aria-hidden=\"true\"><\/i><\/a>\n<ul class=\"sub-menu\">\n\t<li id=\"menu-item-1038\" class=\"menu-item menu-item-type-post_type menu-item-object-page menu-item-1038\"><a href=\"https:\/\/centrocomercialbolivar.com\/index.php\/tecnologia\/\">TECNOLOG\u00cdA<i class=\"fa fa-caret-right\" aria-hidden=\"true\"><\/i><\/a><\/li>\n\t<li id=\"menu-item-1196\" class=\"menu-item menu-item-type-post_type menu-item-object-page menu-item-1196\"><a href=\"https:\/\/centrocomercialbolivar.com\/index.php\/asesoria-juridica-y-contable\/\">ASESOR\u00cdA JUR\u00cdDICA Y CONTABLE<i class=\"fa fa-caret-right\" aria-hidden=\"true\"><\/i><\/a><\/li>\n\t<li id=\"menu-item-1182\" class=\"menu-item menu-item-type-post_type menu-item-object-page menu-item-1182\"><a href=\"https:\/\/centrocomercialbolivar.com\/index.php\/seguros\/\">SEGUROS<i class=\"fa fa-caret-right\" aria-hidden=\"true\"><\/i><\/a><\/li>\n\t<li id=\"menu-item-1207\" class=\"menu-item menu-item-type-post_type menu-item-object-page menu-item-1207\"><a href=\"https:\/\/centrocomercialbolivar.com\/index.php\/belleza-y-estilo\/\">BELLEZA Y ESTILO<i class=\"fa fa-caret-right\" aria-hidden=\"true\"><\/i><\/a><\/li>\n\t<li id=\"menu-item-1197\" class=\"menu-item menu-item-type-post_type menu-item-object-page menu-item-1197\"><a href=\"https:\/\/centrocomercialbolivar.com\/index.php\/otros\/\">OTROS<i class=\"fa fa-caret-right\" aria-hidden=\"true\"><\/i><\/a><\/li>\n<\/ul>\n<\/li>\n<li id=\"menu-item-243\" class=\"menu-item menu-item-type-post_type menu-item-object-page menu-item-243\"><a href=\"https:\/\/centrocomercialbolivar.com\/index.php\/noticias\/\">NOTICIAS<i class=\"fa fa-caret-right\" aria-hidden=\"true\"><\/i><\/a><\/li>\n<li id=\"menu-item-245\" class=\"menu-item menu-item-type-post_type menu-item-object-page menu-item-245\"><a href=\"https:\/\/centrocomercialbolivar.com\/index.php\/nosotros\/\">NOSOTROS<i class=\"fa fa-caret-right\" aria-hidden=\"true\"><\/i><\/a><\/li>\n<li id=\"menu-item-242\" class=\"menu-item menu-item-type-post_type menu-item-object-page menu-item-242\"><a href=\"https:\/\/centrocomercialbolivar.com\/index.php\/contacto\/\">CONTACTO<i class=\"fa fa-caret-right\" aria-hidden=\"true\"><\/i><\/a><\/li>\n<\/ul><\/div><\/div>\r\n\t\t\t\t\t<div class=\"wrap-close-menu-panel-style-default\"><button class=\"close-menu-panel-style-default\"><i class=\"fas fa-times\"><\/i><\/button><\/div>\t\t\t\t\t\r\n\t\t\t\t<\/div>\t\t\t\t\r\n\t\t\t\t<div class=\"mainnav nav\"><div class=\"menu-container tf-menu-container\"><ul id=\"menu-menuprincipal\" class=\"menu\"><li id=\"menu-item-246\" class=\"menu-item menu-item-type-post_type menu-item-object-page menu-item-home menu-item-246\"><a href=\"https:\/\/centrocomercialbolivar.com\/\">INICIO<i class=\"fa fa-caret-right\" aria-hidden=\"true\"><\/i><\/a><\/li>\n<li id=\"menu-item-244\" class=\"menu-item menu-item-type-post_type menu-item-object-page menu-item-has-children menu-item-244\"><a href=\"https:\/\/centrocomercialbolivar.com\/index.php\/tiendas\/\">TIENDAS<i class=\"fa fa-caret-right\" aria-hidden=\"true\"><\/i><\/a>\n<ul class=\"sub-menu\">\n\t<li id=\"menu-item-1038\" class=\"menu-item menu-item-type-post_type menu-item-object-page menu-item-1038\"><a href=\"https:\/\/centrocomercialbolivar.com\/index.php\/tecnologia\/\">TECNOLOG\u00cdA<i class=\"fa fa-caret-right\" aria-hidden=\"true\"><\/i><\/a><\/li>\n\t<li id=\"menu-item-1196\" class=\"menu-item menu-item-type-post_type menu-item-object-page menu-item-1196\"><a href=\"https:\/\/centrocomercialbolivar.com\/index.php\/asesoria-juridica-y-contable\/\">ASESOR\u00cdA JUR\u00cdDICA Y CONTABLE<i class=\"fa fa-caret-right\" aria-hidden=\"true\"><\/i><\/a><\/li>\n\t<li id=\"menu-item-1182\" class=\"menu-item menu-item-type-post_type menu-item-object-page menu-item-1182\"><a href=\"https:\/\/centrocomercialbolivar.com\/index.php\/seguros\/\">SEGUROS<i class=\"fa fa-caret-right\" aria-hidden=\"true\"><\/i><\/a><\/li>\n\t<li id=\"menu-item-1207\" class=\"menu-item menu-item-type-post_type menu-item-object-page menu-item-1207\"><a href=\"https:\/\/centrocomercialbolivar.com\/index.php\/belleza-y-estilo\/\">BELLEZA Y ESTILO<i class=\"fa fa-caret-right\" aria-hidden=\"true\"><\/i><\/a><\/li>\n\t<li id=\"menu-item-1197\" class=\"menu-item menu-item-type-post_type menu-item-object-page menu-item-1197\"><a href=\"https:\/\/centrocomercialbolivar.com\/index.php\/otros\/\">OTROS<i class=\"fa fa-caret-right\" aria-hidden=\"true\"><\/i><\/a><\/li>\n<\/ul>\n<\/li>\n<li id=\"menu-item-243\" class=\"menu-item menu-item-type-post_type menu-item-object-page menu-item-243\"><a href=\"https:\/\/centrocomercialbolivar.com\/index.php\/noticias\/\">NOTICIAS<i class=\"fa fa-caret-right\" aria-hidden=\"true\"><\/i><\/a><\/li>\n<li id=\"menu-item-245\" class=\"menu-item menu-item-type-post_type menu-item-object-page menu-item-245\"><a href=\"https:\/\/centrocomercialbolivar.com\/index.php\/nosotros\/\">NOSOTROS<i class=\"fa fa-caret-right\" aria-hidden=\"true\"><\/i><\/a><\/li>\n<li id=\"menu-item-242\" class=\"menu-item menu-item-type-post_type menu-item-object-page menu-item-242\"><a href=\"https:\/\/centrocomercialbolivar.com\/index.php\/contacto\/\">CONTACTO<i class=\"fa fa-caret-right\" aria-hidden=\"true\"><\/i><\/a><\/li>\n<\/ul><\/div><\/div>\r\n\t\t\t\t<div class=\"mobile-menu-overlay\"><\/div>\r\n\t\t\t\t<button class=\"tf-close\"><i class=\"fas fa-times\"><\/i><\/button>\r\n\t\t\t\t<button class=\"btn-menu-mobile\">\r\n\t\t\t\t\t<span class=\"open-icon\"><i class=\"fas fa-bars\"><\/i><\/span>\r\n\t\t\t\t<\/button>\r\n\t\t\t\t<button class=\"btn-menu-only\">\r\n\t\t\t\t\t<span class=\"open-icon\"><i class=\"fas fa-bars\"><\/i><\/span>\r\n\t\t\t\t<\/button>\r\n\t\t\t<\/div>\t\t\t\t<\/div>\n\t\t\t\t<\/div>\n\t\t\t\t<\/div>\n\t\t<div class=\"elementor-element elementor-element-87ff429 elementor-hidden-mobile elementor-hidden-tablet e-con-full e-flex e-con e-child\" data-id=\"87ff429\" data-element_type=\"container\">\n\t\t\t\t<\/div>\n\t\t\t\t<\/div>\n\t\t<div class=\"elementor-element elementor-element-24994a1d e-flex e-con-boxed e-con e-parent\" data-id=\"24994a1d\" data-element_type=\"container\" data-settings=\"{&quot;background_background&quot;:&quot;classic&quot;}\">\n\t\t\t\t\t<div class=\"e-con-inner\">\n\t\t<div class=\"elementor-element elementor-element-31041aff e-con-full e-flex e-con e-child\" data-id=\"31041aff\" data-element_type=\"container\">\n\t\t\t\t<div class=\"elementor-element elementor-element-5a0e46b7 elementor-widget elementor-widget-heading\" data-id=\"5a0e46b7\" data-element_type=\"widget\" data-widget_type=\"heading.default\">\n\t\t\t\t<div class=\"elementor-widget-container\">\n\t\t\t\t\t<h2 class=\"elementor-heading-title elementor-size-default\">NOTICIAS - EVENTOS <\/h2>\t\t\t\t<\/div>\n\t\t\t\t<\/div>\n\t\t\t\t<\/div>\n\t\t\t\t\t<\/div>\n\t\t\t\t<\/div>\n\t\t<div class=\"elementor-element elementor-element-762ae956 e-flex e-con-boxed e-con e-parent\" data-id=\"762ae956\" data-element_type=\"container\">\n\t\t\t\t\t<div class=\"e-con-inner\">\n\t\t<div class=\"elementor-element elementor-element-17336603 e-con-full e-flex e-con e-child\" data-id=\"17336603\" data-element_type=\"container\">\n\t\t\t\t<div class=\"elementor-element elementor-element-7a3b1687 elementor-widget elementor-widget-tfposts\" data-id=\"7a3b1687\" data-element_type=\"widget\" data-widget_type=\"tfposts.default\">\n\t\t\t\t<div class=\"elementor-widget-container\">\n\t\t\t\t\t\t\t<div id=\"tf-posts-7a3b1687\" class=\"tf-posts-7a3b1687 tf-posts-wrap column-3 tablet-column-3 mobile-column-1  no-arrow no-bullets grid-styles-default featured-post-top  \" data-tabid=\"7a3b1687\" data-class_id=\"tf-posts-7a3b1687\" data-loop=\"\" data-auto=\"\" data-column=\"\" data-column2=\"\" data-column3=\"\" data-spacer=\"\" data-prev_icon=\"\" data-next_icon=\"\" >\t\t\t\r\n\t\t\t<div class=\"tf-posts  grid\">\r\n\t\t\t\t\t\t\t\t\t\t\r\n\t\t\t\t\t\t\t\t<div class=\"column\">\r\n\t\t\t\t\t<div class=\"entry blog-post\">\r\n\t\t\t\t\t\t\t\t\t\t\t\t\t\t\t\t\t\t\t\t\t\t\t\t\t\t\t<div class=\"featured-post\">\r\n\t\t\t\t\t\t\t\t\t\t\t\t<img decoding=\"async\" src=\"https:\/\/centrocomercialbolivar.com\/wp-content\/uploads\/2025\/10\/571230868_1202973575220289_178572764014275598_n.jpg\" alt=\"image\">\t\t\t\t\t\t\t\t\t\t\t\t\t\t\t\t\t\t\t\t\t\t\t\t<a href=\"https:\/\/centrocomercialbolivar.com\/index.php\/2025\/10\/28\/elementor-1324\/\" class=\"overlay\">\r\n\t\t\t\t\t\t\t\t\t\t\t\t\t<i class=\"fas fa-plus\" aria-hidden=\"true\"><\/i>\t\t\t\t\t\t\t\t\t\t\t\t<\/a>\r\n\t\t\t\t\t\t\t\t\t\t\t\t\t\t\t\t\t\t\t\t\t\r\n\t\t\t\t\t\t\t\t\t\t\t<\/div>\r\n\t\t\t\t\t\t\t\t\t\t\t\t\t\t\t\t\t\t\t\t\t\t\r\n\t\t\t\t\t\t\t\t\t\t\t\t\t\t\t\t\t\t\t\t\t\t\t\t\t\t\t\t<div class=\"content\">\r\n\t\t\t\t\t\t\t\t\t\t\t\t\t\t\t\t\t\t\t\t\t\t\t\t\t\t\t\r\n\t\t\t\t\t\t\t\t\t\t\r\n\t\t\t\t\t\t\t\t\t\t\t\t\t\t\t\t\t\t\t\t\t<h2 class=\"title\"><a href=\"https:\/\/centrocomercialbolivar.com\/index.php\/2025\/10\/28\/elementor-1324\/\" title=\"Simulacro de evacuaci\u00f3n en el Centro Comercial Bol\u00edvar: compromiso con la prevenci\u00f3n y la seguridad\">Simulacro de evacuaci\u00f3n en el Centro Comercial Bol\u00edvar: compromiso con la prevenci\u00f3n y la seguridad<\/a><\/h2>\r\n\t\t\t\t\t\t\t\t\t\t\r\n\t\t\t\t\t\t\t\t\t\t\t\t\t\t\t\t\t\t\t\t\t\t\t\t\t\t\t\t\t\t\t\t\t<ul class=\"post-meta\">\r\n\t\t\t\t\t\t\t\t\t\t\t\t\t\t\t\t\t\t\t\t\t\t\t\t\t\t<li class=\"post-author\">\r\n\t\t\t\t\t\t\t\t\t\t\t\t\t\t<i class=\"far fa-user-circle\" aria-hidden=\"true\"><\/i>\t\t\t\t\t\t\t\t\t\t\t\t\t\t<a href=\"https:\/\/centrocomercialbolivar.com\/index.php\/author\/centrocobv\/\">admin<\/a>\r\n\t\t\t\t\t\t\t\t\t\t\t\t\t<\/li>\r\n\t\t\t\t\t\t\t\t\t\t\t\t\t\r\n\t\t\t\t\t\t\t\t\t\t\t\t\t\r\n\t\t\t\t\t\t\t\t\t\t\t\t\t\r\n\t\t\t\t\t\t\t\t\t\t\t\t\t\t\t\t\t\t\t\t\t\t\t\t\t\t<li class=\"post-comments\">\r\n\t\t\t\t\t\t\t\t\t\t\t\t\t\t<i class=\"fas fa-comments\" aria-hidden=\"true\"><\/i>\t\t\t\t\t\t\t\t\t\t\t\t\t\t<a href=\"https:\/\/centrocomercialbolivar.com\/index.php\/2025\/10\/28\/elementor-1324\/#respond\">Comment (0)<\/a>\t\t\t\t\t\t\t\t\t\t\t\r\n\t\t\t\t\t\t\t\t\t\t\t\t\t\t<\/li>\r\n\t\t\t\t\t\t\t\t\t\t\t\t\t\t\t\t\t\t\t\t\t\t\t\t\t<\/ul>\r\n\t\t\t\t\t\t\t\t\t\t\t\t\t\t\t\t\t\r\n\t\t\t\t\t\t\t\t\t\t\r\n\t\t\t\t\t\t\t\t\t\t\r\n\t\t\t\t\t\t\t\t\t\t\t\t\t\t\t\t\t\t\t\t\r\n\t\t\t\t\t\t\t\t\t\t\t\t\t\t\t\t\r\n\t\t\t\t\t\t\t\t\t<\/div>\r\n\t\t\t\t\t\t\t\t\t\t\t\t\t\t\t\t\r\n\t\t\t\t\t<\/div>\r\n\t\t\t\t<\/div>\r\n\t\t\t\t\t\t\t\t<div class=\"column\">\r\n\t\t\t\t\t<div class=\"entry blog-post\">\r\n\t\t\t\t\t\t\t\t\t\t\t\t\t\t\t\t\t\t\t\t\t\t\t\t\t\t\t<div class=\"featured-post\">\r\n\t\t\t\t\t\t\t\t\t\t\t\t<img decoding=\"async\" src=\"https:\/\/centrocomercialbolivar.com\/wp-content\/uploads\/2025\/07\/CC-BOLIVAR.jpeg\" alt=\"image\">\t\t\t\t\t\t\t\t\t\t\t\t\t\t\t\t\t\t\t\t\t\t\t\t<a href=\"https:\/\/centrocomercialbolivar.com\/index.php\/2025\/07\/16\/comprometidos-con-tu-seguridad-y-bienestar\/\" class=\"overlay\">\r\n\t\t\t\t\t\t\t\t\t\t\t\t\t<i class=\"fas fa-plus\" aria-hidden=\"true\"><\/i>\t\t\t\t\t\t\t\t\t\t\t\t<\/a>\r\n\t\t\t\t\t\t\t\t\t\t\t\t\t\t\t\t\t\t\t\t\t\r\n\t\t\t\t\t\t\t\t\t\t\t<\/div>\r\n\t\t\t\t\t\t\t\t\t\t\t\t\t\t\t\t\t\t\t\t\t\t\r\n\t\t\t\t\t\t\t\t\t\t\t\t\t\t\t\t\t\t\t\t\t\t\t\t\t\t\t\t<div class=\"content\">\r\n\t\t\t\t\t\t\t\t\t\t\t\t\t\t\t\t\t\t\t\t\t\t\t\t\t\t\t\r\n\t\t\t\t\t\t\t\t\t\t\r\n\t\t\t\t\t\t\t\t\t\t\t\t\t\t\t\t\t\t\t\t\t<h2 class=\"title\"><a href=\"https:\/\/centrocomercialbolivar.com\/index.php\/2025\/07\/16\/comprometidos-con-tu-seguridad-y-bienestar\/\" title=\"COMPROMETIDOS CON TU SEGURIDAD Y BIENESTAR\">COMPROMETIDOS CON TU SEGURIDAD Y BIENESTAR<\/a><\/h2>\r\n\t\t\t\t\t\t\t\t\t\t\r\n\t\t\t\t\t\t\t\t\t\t\t\t\t\t\t\t\t\t\t\t\t\t\t\t\t\t\t\t\t\t\t\t\t<ul class=\"post-meta\">\r\n\t\t\t\t\t\t\t\t\t\t\t\t\t\t\t\t\t\t\t\t\t\t\t\t\t\t<li class=\"post-author\">\r\n\t\t\t\t\t\t\t\t\t\t\t\t\t\t<i class=\"far fa-user-circle\" aria-hidden=\"true\"><\/i>\t\t\t\t\t\t\t\t\t\t\t\t\t\t<a href=\"https:\/\/centrocomercialbolivar.com\/index.php\/author\/centrocobv\/\">admin<\/a>\r\n\t\t\t\t\t\t\t\t\t\t\t\t\t<\/li>\r\n\t\t\t\t\t\t\t\t\t\t\t\t\t\r\n\t\t\t\t\t\t\t\t\t\t\t\t\t\r\n\t\t\t\t\t\t\t\t\t\t\t\t\t\r\n\t\t\t\t\t\t\t\t\t\t\t\t\t\t\t\t\t\t\t\t\t\t\t\t\t\t<li class=\"post-comments\">\r\n\t\t\t\t\t\t\t\t\t\t\t\t\t\t<i class=\"fas fa-comments\" aria-hidden=\"true\"><\/i>\t\t\t\t\t\t\t\t\t\t\t\t\t\t<a href=\"https:\/\/centrocomercialbolivar.com\/index.php\/2025\/07\/16\/comprometidos-con-tu-seguridad-y-bienestar\/#respond\">Comment (0)<\/a>\t\t\t\t\t\t\t\t\t\t\t\r\n\t\t\t\t\t\t\t\t\t\t\t\t\t\t<\/li>\r\n\t\t\t\t\t\t\t\t\t\t\t\t\t\t\t\t\t\t\t\t\t\t\t\t\t<\/ul>\r\n\t\t\t\t\t\t\t\t\t\t\t\t\t\t\t\t\t\r\n\t\t\t\t\t\t\t\t\t\t\r\n\t\t\t\t\t\t\t\t\t\t\r\n\t\t\t\t\t\t\t\t\t\t\t\t\t\t\t\t\t\t\t\t\r\n\t\t\t\t\t\t\t\t\t\t\t\t\t\t\t\t\r\n\t\t\t\t\t\t\t\t\t<\/div>\r\n\t\t\t\t\t\t\t\t\t\t\t\t\t\t\t\t\r\n\t\t\t\t\t<\/div>\r\n\t\t\t\t<\/div>\r\n\t\t\t\t\t\t\t\t<div class=\"column\">\r\n\t\t\t\t\t<div class=\"entry blog-post\">\r\n\t\t\t\t\t\t\t\t\t\t\t\t\t\t\t\t\t\t\t\t\t\t\t\t\t\t\t<div class=\"featured-post\">\r\n\t\t\t\t\t\t\t\t\t\t\t\t<img decoding=\"async\" src=\"https:\/\/centrocomercialbolivar.com\/wp-content\/uploads\/2025\/06\/Sin-titulo-1.jpg\" alt=\"image\">\t\t\t\t\t\t\t\t\t\t\t\t\t\t\t\t\t\t\t\t\t\t\t\t<a href=\"https:\/\/centrocomercialbolivar.com\/index.php\/2025\/06\/27\/centro-comercial-bolivar-espacio-100-libre-de-humo\/\" class=\"overlay\">\r\n\t\t\t\t\t\t\t\t\t\t\t\t\t<i class=\"fas fa-plus\" aria-hidden=\"true\"><\/i>\t\t\t\t\t\t\t\t\t\t\t\t<\/a>\r\n\t\t\t\t\t\t\t\t\t\t\t\t\t\t\t\t\t\t\t\t\t\r\n\t\t\t\t\t\t\t\t\t\t\t<\/div>\r\n\t\t\t\t\t\t\t\t\t\t\t\t\t\t\t\t\t\t\t\t\t\t\r\n\t\t\t\t\t\t\t\t\t\t\t\t\t\t\t\t\t\t\t\t\t\t\t\t\t\t\t\t<div class=\"content\">\r\n\t\t\t\t\t\t\t\t\t\t\t\t\t\t\t\t\t\t\t\t\t\t\t\t\t\t\t\r\n\t\t\t\t\t\t\t\t\t\t\r\n\t\t\t\t\t\t\t\t\t\t\t\t\t\t\t\t\t\t\t\t\t<h2 class=\"title\"><a href=\"https:\/\/centrocomercialbolivar.com\/index.php\/2025\/06\/27\/centro-comercial-bolivar-espacio-100-libre-de-humo\/\" title=\"CENTRO COMERCIAL BOL\u00cdVAR: ESPACIO 100% LIBRE DE HUMO\">CENTRO COMERCIAL BOL\u00cdVAR: ESPACIO 100% LIBRE DE HUMO<\/a><\/h2>\r\n\t\t\t\t\t\t\t\t\t\t\r\n\t\t\t\t\t\t\t\t\t\t\t\t\t\t\t\t\t\t\t\t\t\t\t\t\t\t\t\t\t\t\t\t\t<ul class=\"post-meta\">\r\n\t\t\t\t\t\t\t\t\t\t\t\t\t\t\t\t\t\t\t\t\t\t\t\t\t\t<li class=\"post-author\">\r\n\t\t\t\t\t\t\t\t\t\t\t\t\t\t<i class=\"far fa-user-circle\" aria-hidden=\"true\"><\/i>\t\t\t\t\t\t\t\t\t\t\t\t\t\t<a href=\"https:\/\/centrocomercialbolivar.com\/index.php\/author\/centrocobv\/\">admin<\/a>\r\n\t\t\t\t\t\t\t\t\t\t\t\t\t<\/li>\r\n\t\t\t\t\t\t\t\t\t\t\t\t\t\r\n\t\t\t\t\t\t\t\t\t\t\t\t\t\r\n\t\t\t\t\t\t\t\t\t\t\t\t\t\r\n\t\t\t\t\t\t\t\t\t\t\t\t\t\t\t\t\t\t\t\t\t\t\t\t\t\t<li class=\"post-comments\">\r\n\t\t\t\t\t\t\t\t\t\t\t\t\t\t<i class=\"fas fa-comments\" aria-hidden=\"true\"><\/i>\t\t\t\t\t\t\t\t\t\t\t\t\t\t<a href=\"https:\/\/centrocomercialbolivar.com\/index.php\/2025\/06\/27\/centro-comercial-bolivar-espacio-100-libre-de-humo\/#respond\">Comment (0)<\/a>\t\t\t\t\t\t\t\t\t\t\t\r\n\t\t\t\t\t\t\t\t\t\t\t\t\t\t<\/li>\r\n\t\t\t\t\t\t\t\t\t\t\t\t\t\t\t\t\t\t\t\t\t\t\t\t\t<\/ul>\r\n\t\t\t\t\t\t\t\t\t\t\t\t\t\t\t\t\t\r\n\t\t\t\t\t\t\t\t\t\t\r\n\t\t\t\t\t\t\t\t\t\t\r\n\t\t\t\t\t\t\t\t\t\t\t\t\t\t\t\t\t\t\t\t\r\n\t\t\t\t\t\t\t\t\t\t\t\t\t\t\t\t\r\n\t\t\t\t\t\t\t\t\t<\/div>\r\n\t\t\t\t\t\t\t\t\t\t\t\t\t\t\t\t\r\n\t\t\t\t\t<\/div>\r\n\t\t\t\t<\/div>\r\n\t\t\t\t\t\t\t\t<div class=\"column\">\r\n\t\t\t\t\t<div class=\"entry blog-post\">\r\n\t\t\t\t\t\t\t\t\t\t\t\t\t\t\t\t\t\t\t\t\t\t\t\t\t\t\t<div class=\"featured-post\">\r\n\t\t\t\t\t\t\t\t\t\t\t\t<img decoding=\"async\" src=\"https:\/\/centrocomercialbolivar.com\/wp-content\/uploads\/2025\/04\/SECREATRIA-1.jpg\" alt=\"image\">\t\t\t\t\t\t\t\t\t\t\t\t\t\t\t\t\t\t\t\t\t\t\t\t<a href=\"https:\/\/centrocomercialbolivar.com\/index.php\/2025\/04\/28\/secretarias-el-alma-que-mueve-nuestro-dia-a-dia\/\" class=\"overlay\">\r\n\t\t\t\t\t\t\t\t\t\t\t\t\t<i class=\"fas fa-plus\" aria-hidden=\"true\"><\/i>\t\t\t\t\t\t\t\t\t\t\t\t<\/a>\r\n\t\t\t\t\t\t\t\t\t\t\t\t\t\t\t\t\t\t\t\t\t\r\n\t\t\t\t\t\t\t\t\t\t\t<\/div>\r\n\t\t\t\t\t\t\t\t\t\t\t\t\t\t\t\t\t\t\t\t\t\t\r\n\t\t\t\t\t\t\t\t\t\t\t\t\t\t\t\t\t\t\t\t\t\t\t\t\t\t\t\t<div class=\"content\">\r\n\t\t\t\t\t\t\t\t\t\t\t\t\t\t\t\t\t\t\t\t\t\t\t\t\t\t\t\r\n\t\t\t\t\t\t\t\t\t\t\r\n\t\t\t\t\t\t\t\t\t\t\t\t\t\t\t\t\t\t\t\t\t<h2 class=\"title\"><a href=\"https:\/\/centrocomercialbolivar.com\/index.php\/2025\/04\/28\/secretarias-el-alma-que-mueve-nuestro-dia-a-dia\/\" title=\"SECRETARIAS, EL ALMA QUE MUEVE NUESTRO D\u00cdA A D\u00cdA\">SECRETARIAS, EL ALMA QUE MUEVE NUESTRO D\u00cdA A D\u00cdA<\/a><\/h2>\r\n\t\t\t\t\t\t\t\t\t\t\r\n\t\t\t\t\t\t\t\t\t\t\t\t\t\t\t\t\t\t\t\t\t\t\t\t\t\t\t\t\t\t\t\t\t<ul class=\"post-meta\">\r\n\t\t\t\t\t\t\t\t\t\t\t\t\t\t\t\t\t\t\t\t\t\t\t\t\t\t<li class=\"post-author\">\r\n\t\t\t\t\t\t\t\t\t\t\t\t\t\t<i class=\"far fa-user-circle\" aria-hidden=\"true\"><\/i>\t\t\t\t\t\t\t\t\t\t\t\t\t\t<a href=\"https:\/\/centrocomercialbolivar.com\/index.php\/author\/centrocobv\/\">admin<\/a>\r\n\t\t\t\t\t\t\t\t\t\t\t\t\t<\/li>\r\n\t\t\t\t\t\t\t\t\t\t\t\t\t\r\n\t\t\t\t\t\t\t\t\t\t\t\t\t\r\n\t\t\t\t\t\t\t\t\t\t\t\t\t\r\n\t\t\t\t\t\t\t\t\t\t\t\t\t\t\t\t\t\t\t\t\t\t\t\t\t\t<li class=\"post-comments\">\r\n\t\t\t\t\t\t\t\t\t\t\t\t\t\t<i class=\"fas fa-comments\" aria-hidden=\"true\"><\/i>\t\t\t\t\t\t\t\t\t\t\t\t\t\t<a href=\"https:\/\/centrocomercialbolivar.com\/index.php\/2025\/04\/28\/secretarias-el-alma-que-mueve-nuestro-dia-a-dia\/#respond\">Comment (0)<\/a>\t\t\t\t\t\t\t\t\t\t\t\r\n\t\t\t\t\t\t\t\t\t\t\t\t\t\t<\/li>\r\n\t\t\t\t\t\t\t\t\t\t\t\t\t\t\t\t\t\t\t\t\t\t\t\t\t<\/ul>\r\n\t\t\t\t\t\t\t\t\t\t\t\t\t\t\t\t\t\r\n\t\t\t\t\t\t\t\t\t\t\r\n\t\t\t\t\t\t\t\t\t\t\r\n\t\t\t\t\t\t\t\t\t\t\t\t\t\t\t\t\t\t\t\t\r\n\t\t\t\t\t\t\t\t\t\t\t\t\t\t\t\t\r\n\t\t\t\t\t\t\t\t\t<\/div>\r\n\t\t\t\t\t\t\t\t\t\t\t\t\t\t\t\t\r\n\t\t\t\t\t<\/div>\r\n\t\t\t\t<\/div>\r\n\t\t\t\t\t\t\t\t<div class=\"column\">\r\n\t\t\t\t\t<div class=\"entry blog-post\">\r\n\t\t\t\t\t\t\t\t\t\t\t\t\t\t\t\t\t\t\t\t\t\t\t\t\t\t\t<div class=\"featured-post\">\r\n\t\t\t\t\t\t\t\t\t\t\t\t<img decoding=\"async\" src=\"https:\/\/centrocomercialbolivar.com\/wp-content\/uploads\/2025\/02\/CC3.jpg\" alt=\"image\">\t\t\t\t\t\t\t\t\t\t\t\t\t\t\t\t\t\t\t\t\t\t\t\t<a href=\"https:\/\/centrocomercialbolivar.com\/index.php\/2025\/02\/25\/capacitacion\/\" class=\"overlay\">\r\n\t\t\t\t\t\t\t\t\t\t\t\t\t<i class=\"fas fa-plus\" aria-hidden=\"true\"><\/i>\t\t\t\t\t\t\t\t\t\t\t\t<\/a>\r\n\t\t\t\t\t\t\t\t\t\t\t\t\t\t\t\t\t\t\t\t\t\r\n\t\t\t\t\t\t\t\t\t\t\t<\/div>\r\n\t\t\t\t\t\t\t\t\t\t\t\t\t\t\t\t\t\t\t\t\t\t\r\n\t\t\t\t\t\t\t\t\t\t\t\t\t\t\t\t\t\t\t\t\t\t\t\t\t\t\t\t<div class=\"content\">\r\n\t\t\t\t\t\t\t\t\t\t\t\t\t\t\t\t\t\t\t\t\t\t\t\t\t\t\t\r\n\t\t\t\t\t\t\t\t\t\t\r\n\t\t\t\t\t\t\t\t\t\t\t\t\t\t\t\t\t\t\t\t\t<h2 class=\"title\"><a href=\"https:\/\/centrocomercialbolivar.com\/index.php\/2025\/02\/25\/capacitacion\/\" title=\"CAPACITACI\u00d3N\">CAPACITACI\u00d3N<\/a><\/h2>\r\n\t\t\t\t\t\t\t\t\t\t\r\n\t\t\t\t\t\t\t\t\t\t\t\t\t\t\t\t\t\t\t\t\t\t\t\t\t\t\t\t\t\t\t\t\t<ul class=\"post-meta\">\r\n\t\t\t\t\t\t\t\t\t\t\t\t\t\t\t\t\t\t\t\t\t\t\t\t\t\t<li class=\"post-author\">\r\n\t\t\t\t\t\t\t\t\t\t\t\t\t\t<i class=\"far fa-user-circle\" aria-hidden=\"true\"><\/i>\t\t\t\t\t\t\t\t\t\t\t\t\t\t<a href=\"https:\/\/centrocomercialbolivar.com\/index.php\/author\/centrocobv\/\">admin<\/a>\r\n\t\t\t\t\t\t\t\t\t\t\t\t\t<\/li>\r\n\t\t\t\t\t\t\t\t\t\t\t\t\t\r\n\t\t\t\t\t\t\t\t\t\t\t\t\t\r\n\t\t\t\t\t\t\t\t\t\t\t\t\t\r\n\t\t\t\t\t\t\t\t\t\t\t\t\t\t\t\t\t\t\t\t\t\t\t\t\t\t<li class=\"post-comments\">\r\n\t\t\t\t\t\t\t\t\t\t\t\t\t\t<i class=\"fas fa-comments\" aria-hidden=\"true\"><\/i>\t\t\t\t\t\t\t\t\t\t\t\t\t\t<a href=\"https:\/\/centrocomercialbolivar.com\/index.php\/2025\/02\/25\/capacitacion\/#respond\">Comment (0)<\/a>\t\t\t\t\t\t\t\t\t\t\t\r\n\t\t\t\t\t\t\t\t\t\t\t\t\t\t<\/li>\r\n\t\t\t\t\t\t\t\t\t\t\t\t\t\t\t\t\t\t\t\t\t\t\t\t\t<\/ul>\r\n\t\t\t\t\t\t\t\t\t\t\t\t\t\t\t\t\t\r\n\t\t\t\t\t\t\t\t\t\t\r\n\t\t\t\t\t\t\t\t\t\t\r\n\t\t\t\t\t\t\t\t\t\t\t\t\t\t\t\t\t\t\t\t\r\n\t\t\t\t\t\t\t\t\t\t\t\t\t\t\t\t\r\n\t\t\t\t\t\t\t\t\t<\/div>\r\n\t\t\t\t\t\t\t\t\t\t\t\t\t\t\t\t\r\n\t\t\t\t\t<\/div>\r\n\t\t\t\t<\/div>\r\n\t\t\t\t\t\t\t\t<div class=\"column\">\r\n\t\t\t\t\t<div class=\"entry blog-post\">\r\n\t\t\t\t\t\t\t\t\t\t\t\t\t\t\t\t\t\t\t\t\t\t\t\t\t\t\t<div class=\"featured-post\">\r\n\t\t\t\t\t\t\t\t\t\t\t\t<img decoding=\"async\" src=\"https:\/\/centrocomercialbolivar.com\/wp-content\/uploads\/2025\/02\/tenis-de-mesa.jpg\" alt=\"image\">\t\t\t\t\t\t\t\t\t\t\t\t\t\t\t\t\t\t\t\t\t\t\t\t<a href=\"https:\/\/centrocomercialbolivar.com\/index.php\/2025\/02\/25\/tennis-de-mesa\/\" class=\"overlay\">\r\n\t\t\t\t\t\t\t\t\t\t\t\t\t<i class=\"fas fa-plus\" aria-hidden=\"true\"><\/i>\t\t\t\t\t\t\t\t\t\t\t\t<\/a>\r\n\t\t\t\t\t\t\t\t\t\t\t\t\t\t\t\t\t\t\t\t\t\r\n\t\t\t\t\t\t\t\t\t\t\t<\/div>\r\n\t\t\t\t\t\t\t\t\t\t\t\t\t\t\t\t\t\t\t\t\t\t\r\n\t\t\t\t\t\t\t\t\t\t\t\t\t\t\t\t\t\t\t\t\t\t\t\t\t\t\t\t<div class=\"content\">\r\n\t\t\t\t\t\t\t\t\t\t\t\t\t\t\t\t\t\t\t\t\t\t\t\t\t\t\t\r\n\t\t\t\t\t\t\t\t\t\t\r\n\t\t\t\t\t\t\t\t\t\t\t\t\t\t\t\t\t\t\t\t\t<h2 class=\"title\"><a href=\"https:\/\/centrocomercialbolivar.com\/index.php\/2025\/02\/25\/tennis-de-mesa\/\" title=\"TENNIS DE MESA\">TENNIS DE MESA<\/a><\/h2>\r\n\t\t\t\t\t\t\t\t\t\t\r\n\t\t\t\t\t\t\t\t\t\t\t\t\t\t\t\t\t\t\t\t\t\t\t\t\t\t\t\t\t\t\t\t\t<ul class=\"post-meta\">\r\n\t\t\t\t\t\t\t\t\t\t\t\t\t\t\t\t\t\t\t\t\t\t\t\t\t\t<li class=\"post-author\">\r\n\t\t\t\t\t\t\t\t\t\t\t\t\t\t<i class=\"far fa-user-circle\" aria-hidden=\"true\"><\/i>\t\t\t\t\t\t\t\t\t\t\t\t\t\t<a href=\"https:\/\/centrocomercialbolivar.com\/index.php\/author\/centrocobv\/\">admin<\/a>\r\n\t\t\t\t\t\t\t\t\t\t\t\t\t<\/li>\r\n\t\t\t\t\t\t\t\t\t\t\t\t\t\r\n\t\t\t\t\t\t\t\t\t\t\t\t\t\r\n\t\t\t\t\t\t\t\t\t\t\t\t\t\r\n\t\t\t\t\t\t\t\t\t\t\t\t\t\t\t\t\t\t\t\t\t\t\t\t\t\t<li class=\"post-comments\">\r\n\t\t\t\t\t\t\t\t\t\t\t\t\t\t<i class=\"fas fa-comments\" aria-hidden=\"true\"><\/i>\t\t\t\t\t\t\t\t\t\t\t\t\t\t<a href=\"https:\/\/centrocomercialbolivar.com\/index.php\/2025\/02\/25\/tennis-de-mesa\/#respond\">Comment (0)<\/a>\t\t\t\t\t\t\t\t\t\t\t\r\n\t\t\t\t\t\t\t\t\t\t\t\t\t\t<\/li>\r\n\t\t\t\t\t\t\t\t\t\t\t\t\t\t\t\t\t\t\t\t\t\t\t\t\t<\/ul>\r\n\t\t\t\t\t\t\t\t\t\t\t\t\t\t\t\t\t\r\n\t\t\t\t\t\t\t\t\t\t\r\n\t\t\t\t\t\t\t\t\t\t\r\n\t\t\t\t\t\t\t\t\t\t\t\t\t\t\t\t\t\t\t\t\r\n\t\t\t\t\t\t\t\t\t\t\t\t\t\t\t\t\r\n\t\t\t\t\t\t\t\t\t<\/div>\r\n\t\t\t\t\t\t\t\t\t\t\t\t\t\t\t\t\r\n\t\t\t\t\t<\/div>\r\n\t\t\t\t<\/div>\r\n\t\t\t\t\t\t\t\t\t\t\t<\/div>\r\n\t\t\t\t\r\n\t\t\t\t\t<\/div>\r\n\r\n\t\t\t\t\t\t<\/div>\n\t\t\t\t<\/div>\n\t\t\t\t<\/div>\n\t\t\t\t\t<\/div>\n\t\t\t\t<\/div>\n\t\t\t\t<\/div>\n\t\t","protected":false},"excerpt":{"rendered":"<p>INICIO TIENDAS TECNOLOG\u00cdA NOTICIAS NOSOTROS CONTACTO INICIO TIENDAS TECNOLOG\u00cdA NOTICIAS NOSOTROS CONTACTO NOTICIAS &#8211; EVENTOS SECRETARIAS, EL ALMA QUE MUEVE NUESTRO D\u00cdA A D\u00cdA admin Comment (0) CAPACITACI\u00d3N admin Comment (0) TENNIS DE MESA admin Comment (0)<\/p>\n","protected":false},"author":1,"featured_media":0,"parent":0,"menu_order":0,"comment_status":"closed","ping_status":"closed","template":"elementor_canvas","meta":{"_joinchat":[],"footnotes":""},"class_list":["post-238","page","type-page","status-publish","hentry"],"_links":{"self":[{"href":"https:\/\/centrocomercialbolivar.com\/index.php\/wp-json\/wp\/v2\/pages\/238","targetHints":{"allow":["GET"]}}],"collection":[{"href":"https:\/\/centrocomercialbolivar.com\/index.php\/wp-json\/wp\/v2\/pages"}],"about":[{"href":"https:\/\/centrocomercialbolivar.com\/index.php\/wp-json\/wp\/v2\/types\/page"}],"author":[{"embeddable":true,"href":"https:\/\/centrocomercialbolivar.com\/index.php\/wp-json\/wp\/v2\/users\/1"}],"replies":[{"embeddable":true,"href":"https:\/\/centrocomercialbolivar.com\/index.php\/wp-json\/wp\/v2\/comments?post=238"}],"version-history":[{"count":22,"href":"https:\/\/centrocomercialbolivar.com\/index.php\/wp-json\/wp\/v2\/pages\/238\/revisions"}],"predecessor-version":[{"id":1174,"href":"https:\/\/centrocomercialbolivar.com\/index.php\/wp-json\/wp\/v2\/pages\/238\/revisions\/1174"}],"wp:attachment":[{"href":"https:\/\/centrocomercialbolivar.com\/index.php\/wp-json\/wp\/v2\/media?parent=238"}],"curies":[{"name":"wp","href":"https:\/\/api.w.org\/{rel}","templated":true}]}}